{"id":24,"date":"2024-05-13T12:17:02","date_gmt":"2024-05-13T10:17:02","guid":{"rendered":"https:\/\/maps.iee.fraunhofer.de\/energymaps\/?page_id=24"},"modified":"2024-06-05T13:39:27","modified_gmt":"2024-06-05T11:39:27","slug":"energymaps","status":"publish","type":"page","link":"https:\/\/maps.iee.fraunhofer.de\/energymaps\/","title":{"rendered":"Landingpage"},"content":{"rendered":"\n<figure class=\"wp-block-image size-full\"><img loading=\"lazy\" decoding=\"async\" width=\"1726\" height=\"535\" src=\"https:\/\/maps.iee.fraunhofer.de\/energymaps\/wp-content\/uploads\/2024\/06\/grafik-1.png\" alt=\"\" class=\"wp-image-68\"\/><\/figure>\n\n\n\n<h2 class=\"wp-block-heading has-text-color has-link-color wp-elements-61c28bdede940c613be5e110ae3f8f0a\" id=\"Im-Fokus-steht-ein-intelligentes-Raum-Zeit-Management\" style=\"color:#1f82c0\">Im Fokus steht ein intelligentes Raum-Zeit-Management<\/h2>\n\n\n\n<p>Moderne Energiesysteme auf Basis hoher Anteile erneuerbaren Stroms z.B. f\u00fcr W\u00e4rmepumpen und Elektromobilit\u00e4t werden immer\u202fkleinteiliger und dezentraler. Daher ist es wichtig, Bez\u00fcge zwischen Erzeugern und Verbrauchern herzustellen, um ein nachhaltiges Energiesystem sicher und wirtschaftlich zu betreiben. Es braucht pr\u00e4zise Raumdaten, um den starken Anstieg an wetterabh\u00e4ngigen Stromerzeugern aus Photovoltaik und Windkraft, sowie den weit verstreuten Verbrauchern wie Elektrofahrzeugen und W\u00e4rmepumpen managen zu k\u00f6nnen.<\/p>\n\n\n\n<p>Derart konzertiertes Datenmaterial erm\u00f6glicht uns, Angebot und Nachfrage an Energie durch intelligentes Raum-Zeit-Management mit m\u00f6glichst geringem Anteil an Speichern umzusetzen.&nbsp;&nbsp;&nbsp;<\/p>\n\n\n\n<p>Wir m\u00fcssen den Energieverbrauch in einem Energiesystem mit hohem Anteil an wetterabh\u00e4ngiger Erzeugung regional flexibel anpassen und Energie m\u00f6glichst dort verbrauchen, wo sie erzeugt wird.<\/p>\n\n\n\n<figure class=\"wp-block-image size-full\"><img loading=\"lazy\" decoding=\"async\" width=\"1533\" height=\"613\" src=\"https:\/\/maps.iee.fraunhofer.de\/energymaps\/wp-content\/uploads\/2024\/06\/grafik.png\" alt=\"\" class=\"wp-image-65\"\/><\/figure>\n\n\n\n<h2 class=\"wp-block-heading has-text-color has-link-color wp-elements-33b424ff912bc9670874eacfcf0e0b8d\" id=\"Unsere-Expertise\" style=\"color:#1f82c0\">Unsere Expertise<\/h2>\n\n\n\n<p>Das Fraunhofer IEE forscht seit Jahren an diversen Fragestellungen in der Energiewirtschaft, welche stets einen \u00fcbergeordneten Raumbezug aufweisen.<br>Dies umfasst u.a.<\/p>\n\n\n\n<ul class=\"wp-block-list\">\n<li>Abbildung der aktuellen Erzeugungs- und Verbrauchslandschaft sowie Flexibilit\u00e4tspotenziale<\/li>\n\n\n\n<li>Analysen der Fl\u00e4chenverf\u00fcgbarkeit zur Installation neuer Erneuerbare- Energien- (EE-) Anlagen<\/li>\n\n\n\n<li>Erstellung r\u00e4umlich hoch aufgel\u00f6ster Wetterdaten f\u00fcr Anwendungen der Energiewirtschaft<\/li>\n\n\n\n<li>Analysen meteorologischer Bedingungen zur Bestimmung lokaler EE-Potenziale<\/li>\n\n\n\n<li>Regionalszenarien zur Absch\u00e4tzung des zuk\u00fcnftigen standortscharfen Ausbaus von EE-Anlagen<\/li>\n\n\n\n<li>Prognosen der wetterbedingten Energieerzeugung von EE-Anlagen f\u00fcr die n\u00e4chsten Stunden und Tage<br><\/li>\n<\/ul>\n\n\n\n<p>F\u00fcr die aufgelisteten Themenbereiche hat das Fraunhofer IEE innovative Methoden und Ergebnisse entwickelt.<\/p>\n","protected":false},"excerpt":{"rendered":"<p>Im Fokus steht ein intelligentes Raum-Zeit-Management Moderne Energiesysteme auf Basis hoher Anteile erneuerbaren Stroms z.B. f\u00fcr W\u00e4rmepumpen und Elektromobilit\u00e4t werden [&hellip;]<\/p>\n","protected":false},"author":1,"featured_media":0,"parent":0,"menu_order":0,"comment_status":"closed","ping_status":"closed","template":"","meta":{"site-sidebar-layout":"default","site-content-layout":"","ast-site-content-layout":"","site-content-style":"default","site-sidebar-style":"default","ast-global-header-display":"","ast-banner-title-visibility":"","ast-main-header-display":"","ast-hfb-above-header-display":"","ast-hfb-below-header-display":"","ast-hfb-mobile-header-display":"","site-post-title":"disabled","ast-breadcrumbs-content":"","ast-featured-img":"","footer-sml-layout":"","theme-transparent-header-meta":"","adv-header-id-meta":"","stick-header-meta":"","header-above-stick-meta":"","header-main-stick-meta":"","header-below-stick-meta":"","astra-migrate-meta-layouts":"default","ast-page-background-enabled":"default","ast-page-background-meta":{"desktop":{"background-color":"var(--ast-global-color-4)","background-image":"","background-repeat":"repeat","background-position":"center center","background-size":"auto","background-attachment":"scroll","background-type":"","background-media":"","overlay-type":"","overlay-color":"","overlay-gradient":""},"tablet":{"background-color":"","background-image":"","background-repeat":"repeat","background-position":"center center","background-size":"auto","background-attachment":"scroll","background-type":"","background-media":"","overlay-type":"","overlay-color":"","overlay-gradient":""},"mobile":{"background-color":"","background-image":"","background-repeat":"repeat","background-position":"center center","background-size":"auto","background-attachment":"scroll","background-type":"","background-media":"","overlay-type":"","overlay-color":"","overlay-gradient":""}},"ast-content-background-meta":{"desktop":{"background-color":"var(--ast-global-color-5)","background-image":"","background-repeat":"repeat","background-position":"center center","background-size":"auto","background-attachment":"scroll","background-type":"","background-media":"","overlay-type":"","overlay-color":"","overlay-gradient":""},"tablet":{"background-color":"var(--ast-global-color-5)","background-image":"","background-repeat":"repeat","background-position":"center center","background-size":"auto","background-attachment":"scroll","background-type":"","background-media":"","overlay-type":"","overlay-color":"","overlay-gradient":""},"mobile":{"background-color":"var(--ast-global-color-5)","background-image":"","background-repeat":"repeat","background-position":"center center","background-size":"auto","background-attachment":"scroll","background-type":"","background-media":"","overlay-type":"","overlay-color":"","overlay-gradient":""}},"footnotes":""},"class_list":["post-24","page","type-page","status-publish","hentry"],"_links":{"self":[{"href":"https:\/\/maps.iee.fraunhofer.de\/energymaps\/index.php\/wp-json\/wp\/v2\/pages\/24","targetHints":{"allow":["GET"]}}],"collection":[{"href":"https:\/\/maps.iee.fraunhofer.de\/energymaps\/index.php\/wp-json\/wp\/v2\/pages"}],"about":[{"href":"https:\/\/maps.iee.fraunhofer.de\/energymaps\/index.php\/wp-json\/wp\/v2\/types\/page"}],"author":[{"embeddable":true,"href":"https:\/\/maps.iee.fraunhofer.de\/energymaps\/index.php\/wp-json\/wp\/v2\/users\/1"}],"replies":[{"embeddable":true,"href":"https:\/\/maps.iee.fraunhofer.de\/energymaps\/index.php\/wp-json\/wp\/v2\/comments?post=24"}],"version-history":[{"count":6,"href":"https:\/\/maps.iee.fraunhofer.de\/energymaps\/index.php\/wp-json\/wp\/v2\/pages\/24\/revisions"}],"predecessor-version":[{"id":69,"href":"https:\/\/maps.iee.fraunhofer.de\/energymaps\/index.php\/wp-json\/wp\/v2\/pages\/24\/revisions\/69"}],"wp:attachment":[{"href":"https:\/\/maps.iee.fraunhofer.de\/energymaps\/index.php\/wp-json\/wp\/v2\/media?parent=24"}],"curies":[{"name":"wp","href":"https:\/\/api.w.org\/{rel}","templated":true}]}}